{"id":2686,"date":"2024-05-14T11:10:07","date_gmt":"2024-05-14T11:10:07","guid":{"rendered":"https:\/\/www.weddings-in-croatia.net\/?page_id=2686"},"modified":"2024-05-14T11:26:30","modified_gmt":"2024-05-14T11:26:30","slug":"eu-fondovi","status":"publish","type":"page","link":"https:\/\/www.weddings-in-croatia.net\/de\/eu-fondovi\/","title":{"rendered":"EU-Fondovi"},"content":{"rendered":"<div class=\"main\">\n<div class=\"title-container clean-title-container\">\n<div class=\"wrapper tc-wrapper\">\n<h1>Uz pomoc novog weba, za uslugu do neba<\/h1>\n<\/div>\n<\/div>\n<div class=\"content\">\n<div class=\"wrapper content-wrapper\">\n<p class=\"content-fonds-container\"><img decoding=\"async\" class=\"alignnone size-full wp-image-2691\" src=\"https:\/\/www.weddings-in-croatia.net\/wp-content\/uploads\/2024\/05\/eu_1_5df210cb800dc.png\" alt=\"\" width=\"164\" height=\"34\" srcset=\"https:\/\/www.weddings-in-croatia.net\/wp-content\/uploads\/2024\/05\/eu_1_5df210cb800dc.png 164w, https:\/\/www.weddings-in-croatia.net\/wp-content\/uploads\/2024\/05\/eu_1_5df210cb800dc-18x4.png 18w\" sizes=\"(max-width: 164px) 100vw, 164px\" \/><img decoding=\"async\" class=\"alignnone size-full wp-image-2693\" src=\"https:\/\/www.weddings-in-croatia.net\/wp-content\/uploads\/2024\/05\/eu_2_5df210dba9bd1.png\" alt=\"\" width=\"152\" height=\"50\" srcset=\"https:\/\/www.weddings-in-croatia.net\/wp-content\/uploads\/2024\/05\/eu_2_5df210dba9bd1.png 152w, https:\/\/www.weddings-in-croatia.net\/wp-content\/uploads\/2024\/05\/eu_2_5df210dba9bd1-150x50.png 150w, https:\/\/www.weddings-in-croatia.net\/wp-content\/uploads\/2024\/05\/eu_2_5df210dba9bd1-18x6.png 18w\" sizes=\"(max-width: 152px) 100vw, 152px\" \/><img decoding=\"async\" class=\"alignnone size-full wp-image-2692\" src=\"https:\/\/www.weddings-in-croatia.net\/wp-content\/uploads\/2024\/05\/eu_3_5df210e82799c.png\" alt=\"\" width=\"127\" height=\"36\" srcset=\"https:\/\/www.weddings-in-croatia.net\/wp-content\/uploads\/2024\/05\/eu_3_5df210e82799c.png 127w, https:\/\/www.weddings-in-croatia.net\/wp-content\/uploads\/2024\/05\/eu_3_5df210e82799c-18x5.png 18w\" sizes=\"(max-width: 127px) 100vw, 127px\" \/><\/p>\n<p>Das Projekt wird von der Europ\u00e4ischen Union aus Mitteln des Europ\u00e4ischen Fonds f\u00fcr regionale Entwicklung kofinanziert.<\/p>\n<h4>Name des Projekts:<\/h4>\n<p>Uz pomo\u0107 novog weba, za uslugu do neba!<\/p>\n<h4>Code des Projekts<\/h4>\n<p>KK.03.2.1.17.0331<\/p>\n<h4>Kurzbeschreibung (Projektzusammenfassung):<\/h4>\n<p>Windea ist eine Agentur f\u00fcr die Organisation von Hochzeiten der Spitzenklasse an attraktiven Orten in ganz Kroatien. Da es sich um einen besonderen Tag im Leben handelt, an den sich die Menschen gerne erinnern, und f\u00fcr manche ist es der sch\u00f6nste Tag ihres Lebens, bem\u00fcht sich das Unternehmen, gro\u00dfartige Locations, eine Top-Organisation und die W\u00fcnsche des Brautpaares miteinander zu verbinden, um ihre Traumhochzeit auf die bestm\u00f6gliche Weise zu realisieren. Die meisten Kunden des Unternehmens sind Ausl\u00e4nder, die ihre Hochzeiten in Kroatien organisieren m\u00f6chten.<\/p>\n<p>Windea hat derzeit eine Website, Hochzeiten in Kroatien. Mit dem Ziel einer h\u00f6heren Qualit\u00e4t und einer besseren Pr\u00e4sentation der Dienstleistungen besteht der Wunsch, eine neue, besser gestaltete und verbesserte Website zu erstellen, die sich an die Bed\u00fcrfnisse und Gewohnheiten der neuen Kunden anpasst und es den Kunden erleichtert, sich ihre Hochzeit vorzustellen.<\/p>\n<h4>Ziele und erwartete Ergebnisse des Projekts:<\/h4>\n<p>Ziel ist es, eine neue, verbesserte Website zu erstellen, die das Unternehmen, sein Team und seine Dienstleistungen glaubw\u00fcrdiger macht, um die Pr\u00e4sentation der Dienstleistungen des Unternehmens zu verbessern, seine Marktposition zu st\u00e4rken und die Wettbewerbsf\u00e4higkeit des Unternehmens zu erh\u00f6hen. Die Hauptaktivit\u00e4t des Projekts besteht in der Erstellung einer neuen, verbesserten Website, die den Bed\u00fcrfnissen neuer Nutzer gerecht wird, wobei der Schwerpunkt auf ausl\u00e4ndischen Nutzern liegt.<\/p>\n<p>Das Ergebnis des Projekts ist eine brandneue Unternehmenswebsite unter der bestehenden Domain\u00a0<a href=\"https:\/\/web.archive.org\/web\/20220119231415\/http:\/\/weddings-in-croatia.net\/\">http:\/\/weddings-in-croatia.net\/<\/a><\/p>\n<h4>Gesamtprojektwert und von der EU kofinanzierter Betrag (in HRK)<\/h4>\n<p>Gesamtwert des Projekts: 76.260,00 kn<\/p>\n<p>H\u00f6he des Zuschusses aus EU-Mitteln: 53.382,00 HRK<\/p>\n<h4>Zeitraum der Projektdurchf\u00fchrung:<\/h4>\n<p>28.01.2019 \u2013 28.01.2020.<\/p>\n<h4>Kontakt f\u00fcr weitere Informationen:<\/h4>\n<p>E-Mail:\u00a0<a href=\"https:\/\/web.archive.org\/web\/20220119231415\/mailto:iva@weddings-in-croatia.net\">iva@weddings-in-croatia.net<\/a><\/p>\n<h4>Links zum Thema:<\/h4>\n<p><a href=\"https:\/\/web.archive.org\/web\/20220119231415\/https:\/\/strukturnifondovi.hr\/\" target=\"_blank\" rel=\"noopener\">https:\/\/strukturnifondovi.hr\/<\/a><\/p>\n<p><a href=\"https:\/\/web.archive.org\/web\/20220119231415\/https:\/\/strukturnifondovi.hr\/eu-fondovi\/esi-fondovi-2014-2020\/op-konkurentnost-i-kohezija\/\" target=\"_blank\" rel=\"noopener\">https:\/\/strukturnifondovi.hr\/eu-fondovi\/esi-fondovi-2014-2020\/op-konkurentnost-i-kohezija\/<\/a><\/p>\n<p>&nbsp;<\/p>\n<hr \/>\n<p>&nbsp;<\/p>\n<p class=\"content-fonds-container\"><img decoding=\"async\" class=\"alignnone size-full wp-image-2691\" src=\"https:\/\/www.weddings-in-croatia.net\/wp-content\/uploads\/2024\/05\/eu_1_5df210cb800dc.png\" alt=\"\" width=\"164\" height=\"34\" srcset=\"https:\/\/www.weddings-in-croatia.net\/wp-content\/uploads\/2024\/05\/eu_1_5df210cb800dc.png 164w, https:\/\/www.weddings-in-croatia.net\/wp-content\/uploads\/2024\/05\/eu_1_5df210cb800dc-18x4.png 18w\" sizes=\"(max-width: 164px) 100vw, 164px\" \/><img decoding=\"async\" class=\"alignnone size-full wp-image-2693\" src=\"https:\/\/www.weddings-in-croatia.net\/wp-content\/uploads\/2024\/05\/eu_2_5df210dba9bd1.png\" alt=\"\" width=\"152\" height=\"50\" srcset=\"https:\/\/www.weddings-in-croatia.net\/wp-content\/uploads\/2024\/05\/eu_2_5df210dba9bd1.png 152w, https:\/\/www.weddings-in-croatia.net\/wp-content\/uploads\/2024\/05\/eu_2_5df210dba9bd1-150x50.png 150w, https:\/\/www.weddings-in-croatia.net\/wp-content\/uploads\/2024\/05\/eu_2_5df210dba9bd1-18x6.png 18w\" sizes=\"(max-width: 152px) 100vw, 152px\" \/><img decoding=\"async\" class=\"alignnone size-full wp-image-2692\" src=\"https:\/\/www.weddings-in-croatia.net\/wp-content\/uploads\/2024\/05\/eu_3_5df210e82799c.png\" alt=\"\" width=\"127\" height=\"36\" srcset=\"https:\/\/www.weddings-in-croatia.net\/wp-content\/uploads\/2024\/05\/eu_3_5df210e82799c.png 127w, https:\/\/www.weddings-in-croatia.net\/wp-content\/uploads\/2024\/05\/eu_3_5df210e82799c-18x5.png 18w\" sizes=\"(max-width: 127px) 100vw, 127px\" \/><\/p>\n<p>Projekt je sufinancirala Europska unija iz Europskog fonda za regionalni razvoj.<\/p>\n<h4><strong>Naziv projekta:<\/strong><\/h4>\n<p>Uz pomo\u0107 novog weba, za uslugu do neba!<\/p>\n<h4><strong>Kod projekta<\/strong><\/h4>\n<p>KK.03.2.1.17.0331<\/p>\n<h4><strong>Kratak opis (sa\u017eetak projekta):<\/strong><\/h4>\n<p>Tvrtka Windea agencija je za organizaciju vrhunskih vjen\u010danja na atraktivnim lokacijama po Hrvatskoj. Kako se radi o posebnom danu u \u017eivotu, danu za pam\u0107enje, a po nekima i najboljem danu u \u017eivotu, tvrtka se trudi spojiti odli\u010dne lokacije, vrhunsku organizaciju sa \u017eeljama mladenaca kako bi na najbolji na\u010din doprinijela njihovom danu iz snova. Ve\u0107ina klijenata tvrtke su stranci koji \u017eele svoja vjen\u010danja organizirati upravo u Hrvatskoj.<\/p>\n<p>Tvrtka Windea trenutno posjeduje web stranicu, pod domenom Weddings in Croatia, no s ciljem bolje i kvalitetnije prezentacije usluga \u017eelja je napraviti novi, bolje dizajniran, unaprije\u0111en web koji \u0107e se prilagoditi potrebama i navikama novih klijenata te olak\u0161ati klijentima vizualizaciju njihovog vjen\u010danja.<\/p>\n<p>&nbsp;<\/p>\n<h4><strong>Ciljevi i o\u010dekivani rezultati projekta:<\/strong><\/h4>\n<p>Cilj je izraditi novu pobolj\u0161anu stranicu koja \u0107e vjerodostojnije predstavljati tvrtku, njezin tim i usluge tvrtke kako bi se pobolj\u0161ala prezentacija usluga tvrtke, osna\u017eila tr\u017ei\u0161na pozicija i pove\u0107ala konkurentnost tvrtke. Glavna aktivnost projekta je izrada nove, pobolj\u0161ane web stranice koja \u0107e odgovoriti na potrebe novih korisnika s naglaskom da se radi o inozemnim korisnicima.<\/p>\n<p>Rezultat projekta je potpuno nova poslovna web stranica na postoje\u0107oj domeni weddings-in-croatia.net\/<\/p>\n<h4><\/h4>\n<h4><strong>Ukupna vrijednost projekta i iznos koji sufinancira EU (u HRK)<\/strong><\/h4>\n<p>Ukupna vrijednost projekta: 76.260,00 kn<\/p>\n<p>Iznos bespovratnih sredstava iz EU fondova: 53.382,00 kn<\/p>\n<p>&nbsp;<\/p>\n<h4><strong>Razdoblje provedbe projekta:<\/strong><\/h4>\n<p>28.01.2019. - 28.01.2020.<\/p>\n<p>&nbsp;<\/p>\n<h4><strong>Kontakt za vi\u0161e informacija:<\/strong><\/h4>\n<p>E-Mail: iva@weddings-in-croatia.net<\/p>\n<p>&nbsp;<\/p>\n<h4><strong>Linkovi:<\/strong><\/h4>\n<p><a href=\"https:\/\/web.archive.org\/web\/20220119231415\/https:\/\/strukturnifondovi.hr\/\" target=\"_blank\" rel=\"noopener\">https:\/\/strukturnifondovi.hr\/<\/a><\/p>\n<p><a href=\"https:\/\/web.archive.org\/web\/20220119231415\/https:\/\/strukturnifondovi.hr\/eu-fondovi\/esi-fondovi-2014-2020\/op-konkurentnost-i-kohezija\/\" target=\"_blank\" rel=\"noopener\">https:\/\/strukturnifondovi.hr\/eu-fondovi\/esi-fondovi-2014-2020\/op-konkurentnost-i-kohezija\/<\/a><\/p>\n<\/div>\n<\/div>\n<\/div>\n<div class=\"before-footer-image\"><img decoding=\"async\" src=\"https:\/\/web.archive.org\/web\/20220119231415im_\/https:\/\/weddings-in-croatia.net\/upload\/page\/footer-image_5df212a26b1b7.jpg\" alt=\"\" \/><\/div>\n<div class=\"footer\">\n<div class=\"wrapper footer-wrapper\">\n<div class=\"footer-title\"><\/div>\n<div class=\"contact-box footer-contact-box\"><\/div>\n<div class=\"social-items\"><\/div>\n<div class=\"policy-container\"><\/div>\n<div class=\"dev-container\">\n<div class=\"copy\">\u00a9 2022 Hochzeiten-in-Kroatien.net<\/div>\n<div class=\"dev\"><a class=\"dev-signature\" title=\"Izrada web stranica\" href=\"https:\/\/web.archive.org\/web\/20220119231415\/https:\/\/marker.hr\/izrada-web-stranica\/\" target=\"_blank\" rel=\"noopener\">Izrada web stranica<\/a>:\u00a0<a href=\"https:\/\/web.archive.org\/web\/20220119231415\/https:\/\/marker.hr\/\" target=\"_blank\" rel=\"noopener\">Markierung.hr<\/a><\/div>\n<\/div>\n<\/div>\n<div class=\"eu-fonds-container\">\n<div class=\"eu-fonds-images\">\n<p><img decoding=\"async\" class=\"alignnone size-full wp-image-2691\" src=\"https:\/\/www.weddings-in-croatia.net\/wp-content\/uploads\/2024\/05\/eu_1_5df210cb800dc.png\" alt=\"\" width=\"164\" height=\"34\" srcset=\"https:\/\/www.weddings-in-croatia.net\/wp-content\/uploads\/2024\/05\/eu_1_5df210cb800dc.png 164w, https:\/\/www.weddings-in-croatia.net\/wp-content\/uploads\/2024\/05\/eu_1_5df210cb800dc-18x4.png 18w\" sizes=\"(max-width: 164px) 100vw, 164px\" \/><img decoding=\"async\" class=\"alignnone size-full wp-image-2693\" src=\"https:\/\/www.weddings-in-croatia.net\/wp-content\/uploads\/2024\/05\/eu_2_5df210dba9bd1.png\" alt=\"\" width=\"152\" height=\"50\" srcset=\"https:\/\/www.weddings-in-croatia.net\/wp-content\/uploads\/2024\/05\/eu_2_5df210dba9bd1.png 152w, https:\/\/www.weddings-in-croatia.net\/wp-content\/uploads\/2024\/05\/eu_2_5df210dba9bd1-150x50.png 150w, https:\/\/www.weddings-in-croatia.net\/wp-content\/uploads\/2024\/05\/eu_2_5df210dba9bd1-18x6.png 18w\" sizes=\"(max-width: 152px) 100vw, 152px\" \/><img decoding=\"async\" class=\"alignnone size-full wp-image-2692\" src=\"https:\/\/www.weddings-in-croatia.net\/wp-content\/uploads\/2024\/05\/eu_3_5df210e82799c.png\" alt=\"\" width=\"127\" height=\"36\" srcset=\"https:\/\/www.weddings-in-croatia.net\/wp-content\/uploads\/2024\/05\/eu_3_5df210e82799c.png 127w, https:\/\/www.weddings-in-croatia.net\/wp-content\/uploads\/2024\/05\/eu_3_5df210e82799c-18x5.png 18w\" sizes=\"(max-width: 127px) 100vw, 127px\" \/><\/p>\n<\/div>\n<div class=\"eu-fonds-note\">\n<p>Projekt je sufinancirala Europska unija iz Europskog fonda za regionalni razvoj.\u00a0<a href=\"https:\/\/web.archive.org\/web\/20220119231415\/https:\/\/weddings-in-croatia.net\/hr\/eu-fondovi\/\">Saznaj vi\u0161e<\/a><\/p>\n<\/div>\n<\/div>\n<div class=\"footer-badges\">\n<p><img loading=\"lazy\" decoding=\"async\" class=\"alignnone size-full wp-image-2698\" src=\"https:\/\/www.weddings-in-croatia.net\/wp-content\/uploads\/2024\/05\/bonitet_60b5c375df37e.png\" alt=\"\" width=\"600\" height=\"100\" srcset=\"https:\/\/www.weddings-in-croatia.net\/wp-content\/uploads\/2024\/05\/bonitet_60b5c375df37e.png 600w, https:\/\/www.weddings-in-croatia.net\/wp-content\/uploads\/2024\/05\/bonitet_60b5c375df37e-300x50.png 300w, https:\/\/www.weddings-in-croatia.net\/wp-content\/uploads\/2024\/05\/bonitet_60b5c375df37e-18x3.png 18w\" sizes=\"(max-width: 600px) 100vw, 600px\" \/><img loading=\"lazy\" decoding=\"async\" class=\"alignnone size-full wp-image-2697\" src=\"https:\/\/www.weddings-in-croatia.net\/wp-content\/uploads\/2024\/05\/wa_60b5c38a030a2.png\" alt=\"\" width=\"100\" height=\"100\" srcset=\"https:\/\/www.weddings-in-croatia.net\/wp-content\/uploads\/2024\/05\/wa_60b5c38a030a2.png 100w, https:\/\/www.weddings-in-croatia.net\/wp-content\/uploads\/2024\/05\/wa_60b5c38a030a2-12x12.png 12w\" sizes=\"(max-width: 100px) 100vw, 100px\" \/><img loading=\"lazy\" decoding=\"async\" class=\"alignnone size-full wp-image-2696\" src=\"https:\/\/www.weddings-in-croatia.net\/wp-content\/uploads\/2024\/05\/aisle_60b5c39c8e77c.png\" alt=\"\" width=\"200\" height=\"200\" srcset=\"https:\/\/www.weddings-in-croatia.net\/wp-content\/uploads\/2024\/05\/aisle_60b5c39c8e77c.png 200w, https:\/\/www.weddings-in-croatia.net\/wp-content\/uploads\/2024\/05\/aisle_60b5c39c8e77c-150x150.png 150w, https:\/\/www.weddings-in-croatia.net\/wp-content\/uploads\/2024\/05\/aisle_60b5c39c8e77c-12x12.png 12w\" sizes=\"(max-width: 200px) 100vw, 200px\" \/><\/p>\n<p><img loading=\"lazy\" decoding=\"async\" class=\"alignnone size-full wp-image-2700\" src=\"https:\/\/www.weddings-in-croatia.net\/wp-content\/uploads\/2024\/05\/cwpa_60b5c3b0a1587.png\" alt=\"\" width=\"101\" height=\"100\" srcset=\"https:\/\/www.weddings-in-croatia.net\/wp-content\/uploads\/2024\/05\/cwpa_60b5c3b0a1587.png 101w, https:\/\/www.weddings-in-croatia.net\/wp-content\/uploads\/2024\/05\/cwpa_60b5c3b0a1587-12x12.png 12w\" sizes=\"(max-width: 101px) 100vw, 101px\" \/><img loading=\"lazy\" decoding=\"async\" class=\"alignnone size-full wp-image-2699\" src=\"https:\/\/www.weddings-in-croatia.net\/wp-content\/uploads\/2024\/05\/safe-stay-wttc_60b5c3c637146.png\" alt=\"\" width=\"256\" height=\"100\" srcset=\"https:\/\/www.weddings-in-croatia.net\/wp-content\/uploads\/2024\/05\/safe-stay-wttc_60b5c3c637146.png 256w, https:\/\/www.weddings-in-croatia.net\/wp-content\/uploads\/2024\/05\/safe-stay-wttc_60b5c3c637146-18x7.png 18w\" sizes=\"(max-width: 256px) 100vw, 256px\" \/><\/p>\n<\/div>\n<\/div>","protected":false},"excerpt":{"rendered":"<p>Uz pomoc novog weba, za uslugu do neba Das Projekt wird von der Europ\u00e4ischen Union aus dem Europ\u00e4ischen Fonds f\u00fcr regionale Entwicklung kofinanziert. Projektname: Uz pomo\u0107 novog weba, za uslugu do neba! Projektcode: KK.03.2.1.17.0331 Kurzbeschreibung (Projektzusammenfassung): Windea ist eine Agentur f\u00fcr die Organisation von High-End-Hochzeiten in attraktiven Locations in ganz Kroatien. Da es sich um [...]<\/p>","protected":false},"author":1,"featured_media":0,"parent":0,"menu_order":0,"comment_status":"closed","ping_status":"closed","template":"","meta":{"_acf_changed":false,"footnotes":""},"class_list":["post-2686","page","type-page","status-publish","hentry"],"acf":[],"yoast_head":"<!-- This site is optimized with the Yoast SEO plugin v27.4 - https:\/\/yoast.com\/product\/yoast-seo-wordpress\/ -->\n<title>EU fondovi - Weddings in Croatia<\/title>\n<meta name=\"robots\" content=\"index, follow, max-snippet:-1, max-image-preview:large, max-video-preview:-1\" \/>\n<link rel=\"canonical\" href=\"https:\/\/www.weddings-in-croatia.net\/de\/eu-fondovi\/\" \/>\n<meta property=\"og:locale\" content=\"de_DE\" \/>\n<meta property=\"og:type\" content=\"article\" \/>\n<meta property=\"og:title\" content=\"EU fondovi - Weddings in Croatia\" \/>\n<meta property=\"og:description\" content=\"Uz pomoc novog weba, za uslugu do neba The project is co-financed by the European Union from the European Regional Development Fund. Project name: Uz pomo\u0107 novog weba, za uslugu do neba! Project code KK.03.2.1.17.0331 Short description (project summary): Windea is an agency for organizing high-end weddings in attractive locations throughout Croatia. As this is [&hellip;]\" \/>\n<meta property=\"og:url\" content=\"https:\/\/www.weddings-in-croatia.net\/de\/eu-fondovi\/\" \/>\n<meta property=\"og:site_name\" content=\"Weddings in Croatia\" \/>\n<meta property=\"article:publisher\" content=\"https:\/\/www.facebook.com\/weddingsincroatia\" \/>\n<meta property=\"article:modified_time\" content=\"2024-05-14T11:26:30+00:00\" \/>\n<meta property=\"og:image\" content=\"https:\/\/www.weddings-in-croatia.net\/wp-content\/uploads\/2024\/05\/eu_1_5df210cb800dc.png\" \/>\n<meta name=\"twitter:card\" content=\"summary_large_image\" \/>\n<script type=\"application\/ld+json\" class=\"yoast-schema-graph\">{\"@context\":\"https:\\\/\\\/schema.org\",\"@graph\":[{\"@type\":\"WebPage\",\"@id\":\"https:\\\/\\\/www.weddings-in-croatia.net\\\/eu-fondovi\\\/\",\"url\":\"https:\\\/\\\/www.weddings-in-croatia.net\\\/eu-fondovi\\\/\",\"name\":\"EU fondovi - Weddings in Croatia\",\"isPartOf\":{\"@id\":\"https:\\\/\\\/www.weddings-in-croatia.net\\\/de\\\/#website\"},\"primaryImageOfPage\":{\"@id\":\"https:\\\/\\\/www.weddings-in-croatia.net\\\/eu-fondovi\\\/#primaryimage\"},\"image\":{\"@id\":\"https:\\\/\\\/www.weddings-in-croatia.net\\\/eu-fondovi\\\/#primaryimage\"},\"thumbnailUrl\":\"https:\\\/\\\/www.weddings-in-croatia.net\\\/wp-content\\\/uploads\\\/2024\\\/05\\\/eu_1_5df210cb800dc.png\",\"datePublished\":\"2024-05-14T11:10:07+00:00\",\"dateModified\":\"2024-05-14T11:26:30+00:00\",\"breadcrumb\":{\"@id\":\"https:\\\/\\\/www.weddings-in-croatia.net\\\/eu-fondovi\\\/#breadcrumb\"},\"inLanguage\":\"de\",\"potentialAction\":[{\"@type\":\"ReadAction\",\"target\":[\"https:\\\/\\\/www.weddings-in-croatia.net\\\/eu-fondovi\\\/\"]}]},{\"@type\":\"ImageObject\",\"inLanguage\":\"de\",\"@id\":\"https:\\\/\\\/www.weddings-in-croatia.net\\\/eu-fondovi\\\/#primaryimage\",\"url\":\"https:\\\/\\\/www.weddings-in-croatia.net\\\/wp-content\\\/uploads\\\/2024\\\/05\\\/eu_1_5df210cb800dc.png\",\"contentUrl\":\"https:\\\/\\\/www.weddings-in-croatia.net\\\/wp-content\\\/uploads\\\/2024\\\/05\\\/eu_1_5df210cb800dc.png\"},{\"@type\":\"BreadcrumbList\",\"@id\":\"https:\\\/\\\/www.weddings-in-croatia.net\\\/eu-fondovi\\\/#breadcrumb\",\"itemListElement\":[{\"@type\":\"ListItem\",\"position\":1,\"name\":\"Home\",\"item\":\"https:\\\/\\\/www.weddings-in-croatia.net\\\/de\\\/\"},{\"@type\":\"ListItem\",\"position\":2,\"name\":\"EU fondovi\"}]},{\"@type\":\"WebSite\",\"@id\":\"https:\\\/\\\/www.weddings-in-croatia.net\\\/de\\\/#website\",\"url\":\"https:\\\/\\\/www.weddings-in-croatia.net\\\/de\\\/\",\"name\":\"Weddings in Croatia - Wedding planning agency Croatia\",\"description\":\"Wedding planning agency Croatia\",\"publisher\":{\"@id\":\"https:\\\/\\\/www.weddings-in-croatia.net\\\/de\\\/#organization\"},\"alternateName\":\"Weddings in Croatia\",\"potentialAction\":[{\"@type\":\"SearchAction\",\"target\":{\"@type\":\"EntryPoint\",\"urlTemplate\":\"https:\\\/\\\/www.weddings-in-croatia.net\\\/de\\\/?s={search_term_string}\"},\"query-input\":{\"@type\":\"PropertyValueSpecification\",\"valueRequired\":true,\"valueName\":\"search_term_string\"}}],\"inLanguage\":\"de\"},{\"@type\":\"Organization\",\"@id\":\"https:\\\/\\\/www.weddings-in-croatia.net\\\/de\\\/#organization\",\"name\":\"Weddings in Croatia\",\"alternateName\":\"Wedding planning agency Croatia\",\"url\":\"https:\\\/\\\/www.weddings-in-croatia.net\\\/de\\\/\",\"logo\":{\"@type\":\"ImageObject\",\"inLanguage\":\"de\",\"@id\":\"https:\\\/\\\/www.weddings-in-croatia.net\\\/de\\\/#\\\/schema\\\/logo\\\/image\\\/\",\"url\":\"https:\\\/\\\/www.weddings-in-croatia.net\\\/wp-content\\\/uploads\\\/2024\\\/02\\\/Screenshot-2024-02-16-at-13.46.28.png\",\"contentUrl\":\"https:\\\/\\\/www.weddings-in-croatia.net\\\/wp-content\\\/uploads\\\/2024\\\/02\\\/Screenshot-2024-02-16-at-13.46.28.png\",\"width\":362,\"height\":358,\"caption\":\"Weddings in Croatia\"},\"image\":{\"@id\":\"https:\\\/\\\/www.weddings-in-croatia.net\\\/de\\\/#\\\/schema\\\/logo\\\/image\\\/\"},\"sameAs\":[\"https:\\\/\\\/www.facebook.com\\\/weddingsincroatia\",\"https:\\\/\\\/www.instagram.com\\\/weddingscroatia\\\/\"]}]}<\/script>\n<!-- \/ Yoast SEO plugin. -->","yoast_head_json":{"title":"EU fondovi - Hochzeiten in Kroatien","robots":{"index":"index","follow":"follow","max-snippet":"max-snippet:-1","max-image-preview":"max-image-preview:large","max-video-preview":"max-video-preview:-1"},"canonical":"https:\/\/www.weddings-in-croatia.net\/de\/eu-fondovi\/","og_locale":"de_DE","og_type":"article","og_title":"EU fondovi - Weddings in Croatia","og_description":"Uz pomoc novog weba, za uslugu do neba The project is co-financed by the European Union from the European Regional Development Fund. Project name: Uz pomo\u0107 novog weba, za uslugu do neba! Project code KK.03.2.1.17.0331 Short description (project summary): Windea is an agency for organizing high-end weddings in attractive locations throughout Croatia. As this is [&hellip;]","og_url":"https:\/\/www.weddings-in-croatia.net\/de\/eu-fondovi\/","og_site_name":"Weddings in Croatia","article_publisher":"https:\/\/www.facebook.com\/weddingsincroatia","article_modified_time":"2024-05-14T11:26:30+00:00","og_image":[{"url":"https:\/\/www.weddings-in-croatia.net\/wp-content\/uploads\/2024\/05\/eu_1_5df210cb800dc.png","type":"","width":"","height":""}],"twitter_card":"summary_large_image","schema":{"@context":"https:\/\/schema.org","@graph":[{"@type":"WebPage","@id":"https:\/\/www.weddings-in-croatia.net\/eu-fondovi\/","url":"https:\/\/www.weddings-in-croatia.net\/eu-fondovi\/","name":"EU fondovi - Hochzeiten in Kroatien","isPartOf":{"@id":"https:\/\/www.weddings-in-croatia.net\/de\/#website"},"primaryImageOfPage":{"@id":"https:\/\/www.weddings-in-croatia.net\/eu-fondovi\/#primaryimage"},"image":{"@id":"https:\/\/www.weddings-in-croatia.net\/eu-fondovi\/#primaryimage"},"thumbnailUrl":"https:\/\/www.weddings-in-croatia.net\/wp-content\/uploads\/2024\/05\/eu_1_5df210cb800dc.png","datePublished":"2024-05-14T11:10:07+00:00","dateModified":"2024-05-14T11:26:30+00:00","breadcrumb":{"@id":"https:\/\/www.weddings-in-croatia.net\/eu-fondovi\/#breadcrumb"},"inLanguage":"de","potentialAction":[{"@type":"ReadAction","target":["https:\/\/www.weddings-in-croatia.net\/eu-fondovi\/"]}]},{"@type":"ImageObject","inLanguage":"de","@id":"https:\/\/www.weddings-in-croatia.net\/eu-fondovi\/#primaryimage","url":"https:\/\/www.weddings-in-croatia.net\/wp-content\/uploads\/2024\/05\/eu_1_5df210cb800dc.png","contentUrl":"https:\/\/www.weddings-in-croatia.net\/wp-content\/uploads\/2024\/05\/eu_1_5df210cb800dc.png"},{"@type":"BreadcrumbList","@id":"https:\/\/www.weddings-in-croatia.net\/eu-fondovi\/#breadcrumb","itemListElement":[{"@type":"ListItem","position":1,"name":"Home","item":"https:\/\/www.weddings-in-croatia.net\/de\/"},{"@type":"ListItem","position":2,"name":"EU fondovi"}]},{"@type":"WebSite","@id":"https:\/\/www.weddings-in-croatia.net\/de\/#website","url":"https:\/\/www.weddings-in-croatia.net\/de\/","name":"Hochzeiten in Kroatien - Hochzeitsplanungsagentur Kroatien","description":"Hochzeitsplanungsagentur Kroatien","publisher":{"@id":"https:\/\/www.weddings-in-croatia.net\/de\/#organization"},"alternateName":"Weddings in Croatia","potentialAction":[{"@type":"SearchAction","target":{"@type":"EntryPoint","urlTemplate":"https:\/\/www.weddings-in-croatia.net\/de\/?s={search_term_string}"},"query-input":{"@type":"PropertyValueSpecification","valueRequired":true,"valueName":"search_term_string"}}],"inLanguage":"de"},{"@type":"Organization","@id":"https:\/\/www.weddings-in-croatia.net\/de\/#organization","name":"Hochzeiten in Kroatien","alternateName":"Wedding planning agency Croatia","url":"https:\/\/www.weddings-in-croatia.net\/de\/","logo":{"@type":"ImageObject","inLanguage":"de","@id":"https:\/\/www.weddings-in-croatia.net\/de\/#\/schema\/logo\/image\/","url":"https:\/\/www.weddings-in-croatia.net\/wp-content\/uploads\/2024\/02\/Screenshot-2024-02-16-at-13.46.28.png","contentUrl":"https:\/\/www.weddings-in-croatia.net\/wp-content\/uploads\/2024\/02\/Screenshot-2024-02-16-at-13.46.28.png","width":362,"height":358,"caption":"Weddings in Croatia"},"image":{"@id":"https:\/\/www.weddings-in-croatia.net\/de\/#\/schema\/logo\/image\/"},"sameAs":["https:\/\/www.facebook.com\/weddingsincroatia","https:\/\/www.instagram.com\/weddingscroatia\/"]}]}},"_links":{"self":[{"href":"https:\/\/www.weddings-in-croatia.net\/de\/wp-json\/wp\/v2\/pages\/2686","targetHints":{"allow":["GET"]}}],"collection":[{"href":"https:\/\/www.weddings-in-croatia.net\/de\/wp-json\/wp\/v2\/pages"}],"about":[{"href":"https:\/\/www.weddings-in-croatia.net\/de\/wp-json\/wp\/v2\/types\/page"}],"author":[{"embeddable":true,"href":"https:\/\/www.weddings-in-croatia.net\/de\/wp-json\/wp\/v2\/users\/1"}],"replies":[{"embeddable":true,"href":"https:\/\/www.weddings-in-croatia.net\/de\/wp-json\/wp\/v2\/comments?post=2686"}],"version-history":[{"count":5,"href":"https:\/\/www.weddings-in-croatia.net\/de\/wp-json\/wp\/v2\/pages\/2686\/revisions"}],"predecessor-version":[{"id":2701,"href":"https:\/\/www.weddings-in-croatia.net\/de\/wp-json\/wp\/v2\/pages\/2686\/revisions\/2701"}],"wp:attachment":[{"href":"https:\/\/www.weddings-in-croatia.net\/de\/wp-json\/wp\/v2\/media?parent=2686"}],"curies":[{"name":"wp","href":"https:\/\/api.w.org\/{rel}","templated":true}]}}